{"id":7814,"date":"2025-04-16T14:51:41","date_gmt":"2025-04-16T12:51:41","guid":{"rendered":"https:\/\/delbenformaggi.it\/latteria-formaggi\/unkategorisiert\/bueffel-caciotta-aus-aviano\/"},"modified":"2026-04-30T00:14:53","modified_gmt":"2026-04-29T22:14:53","slug":"bueffel-caciotta-aus-aviano","status":"publish","type":"product","link":"https:\/\/delbenformaggi.it\/de\/latteria-formaggi\/wasserbuffel\/bueffel-caciotta-aus-aviano\/","title":{"rendered":"B\u00fcffel-Caciotta aus Aviano"},"content":{"rendered":"<p>Das Produkt ist f\u00fcr die allgemeine Bev\u00f6lkerung geeignet, ausgenommen Menschen mit Allergien gegen die folgend genannten Zutaten oder Milchbestandteile.<\/p>\n<p><strong>BEZEICHNUNG:<\/strong> Frischk\u00e4se<br \/>\n<strong>ZUTATEN:<\/strong> B\u00fcffelmilch, Salz, Lab. Nicht essbare K\u00e4serinde. Nicht essbare K\u00e4serinde.<br \/>\n<strong>MILCHHERKUNFT: <\/strong>Italien<br \/>\n<strong>GVO:<\/strong> Ohne Gentechnik<br \/>\n<strong>HALTBARKEIT:<\/strong> 60 Tage<br \/>\n<strong>AUFBEWAHRUNG: <\/strong>0\u00b0\/+4\u00b0C<br \/>\n<strong>VERPACKUNG: <\/strong>Verpackung aus Ovtene<br \/>\n<strong>GEWICHT ca.: <\/strong>400 g<\/p>\n<h4>MIKROBIOLOGISCHE EIGENSCHAFTEN<\/h4>\n<p><strong>ESCHERICHIA COLI:<\/strong> Im Rahmen der gesetzlichen Bestimmungen<br \/>\n<strong>STAPHYLOCOCCUS AUREUS<\/strong>: Innerhalb der gesetzlichen Grenzwerte<br \/>\n<strong>SALMONELLEN<\/strong>: Nicht nachgewiesen<br \/>\n<strong>LISTERIA MONOCYTOGENES<\/strong>: Nicht nachgewiesen<\/p>\n<p>&nbsp;<\/p>\n<p><strong>N\u00c4HRWERTDEKLARATION<br \/>\n<\/strong>(Durchschnittswerte pro 100 g Produkt)<\/p>\n<p><strong>BRENNWERT<\/strong>: 432 kcal \/ 1786 kJ<br \/>\n<strong>FETT<\/strong>: 39 g<br \/>\n<strong>davon GES\u00c4TTIGTE FETTS\u00c4UREN<\/strong>: 26 g<br \/>\n<strong>KOHLENHYDRATE<\/strong>: 1,2 g<br \/>\n<strong>davon ZUCKER<\/strong>: 0 g<br \/>\n<strong>BALLASTSTOFFE<\/strong>: 0 g<strong><br \/>\n<\/strong><strong>EIWEISS<\/strong>: 19 g<br \/>\n<strong>SALZ<\/strong>: 1,5 g<\/p>\n","protected":false},"excerpt":{"rendered":"<div class=\"page\" title=\"Seite 2\">\n<div class=\"page\" title=\"Seite 2\">\n<p><strong>400 g<\/strong><\/p>\n<p>Caciotta aus B\u00fcffelmilch mit s\u00fc\u00dfem und markantem Geschmack. Seine weiche Textur verleiht ihm eine unwiderstehliche Zartheit am Gaumen.<\/p>\n<\/div>\n<\/div>\n","protected":false},"featured_media":7284,"template":"","meta":[],"product_brand":[],"product_cat":[408],"product_tag":[],"class_list":{"0":"post-7814","1":"product","2":"type-product","3":"status-publish","4":"has-post-thumbnail","6":"product_cat-wasserbuffel","7":"pa_porzionatura-400g","9":"first","10":"instock","11":"shipping-taxable","12":"purchasable","13":"product-type-simple"},"yoast_head":"<!-- This site is optimized with the Yoast SEO plugin v27.4 - https:\/\/yoast.com\/product\/yoast-seo-wordpress\/ -->\n<title>B\u00fcffel-Caciotta aus Aviano | e-shop Del Ben Formaggi<\/title>\n<meta name=\"description\" content=\"Scopri tutte le informazioni sul nostro B\u00fcffel-Caciotta aus Aviano | e-shop Del Ben Formaggi\" \/>\n<meta name=\"robots\" content=\"index, follow, max-snippet:-1, max-image-preview:large, max-video-preview:-1\" \/>\n<link rel=\"canonical\" href=\"https:\/\/delbenformaggi.it\/de\/latteria-formaggi\/wasserbuffel\/bueffel-caciotta-aus-aviano\/\" \/>\n<meta property=\"og:locale\" content=\"de_DE\" \/>\n<meta property=\"og:type\" content=\"article\" \/>\n<meta property=\"og:title\" content=\"B\u00fcffel-Caciotta aus Aviano | e-shop Del Ben Formaggi\" \/>\n<meta property=\"og:description\" content=\"Scopri tutte le informazioni sul nostro B\u00fcffel-Caciotta aus Aviano | e-shop Del Ben Formaggi\" \/>\n<meta property=\"og:url\" content=\"https:\/\/delbenformaggi.it\/de\/latteria-formaggi\/wasserbuffel\/bueffel-caciotta-aus-aviano\/\" \/>\n<meta property=\"og:site_name\" content=\"e-shop Del Ben Formaggi\" \/>\n<meta property=\"article:modified_time\" content=\"2026-04-29T22:14:53+00:00\" \/>\n<meta property=\"og:image\" content=\"https:\/\/delbenformaggi.it\/wp-content\/uploads\/2025\/04\/caciotta-di-bufala-del-ben-formaggi.png\" \/>\n\t<meta property=\"og:image:width\" content=\"1434\" \/>\n\t<meta property=\"og:image:height\" content=\"956\" \/>\n\t<meta property=\"og:image:type\" content=\"image\/png\" \/>\n<meta name=\"twitter:card\" content=\"summary_large_image\" \/>\n<meta name=\"twitter:label1\" content=\"Gesch\u00e4tzte Lesezeit\" \/>\n\t<meta name=\"twitter:data1\" content=\"1\u00a0Minute\" \/>\n<script type=\"application\/ld+json\" class=\"yoast-schema-graph\">{\"@context\":\"https:\\\/\\\/schema.org\",\"@graph\":[{\"@type\":\"WebPage\",\"@id\":\"https:\\\/\\\/delbenformaggi.it\\\/de\\\/latteria-formaggi\\\/wasserbuffel\\\/bueffel-caciotta-aus-aviano\\\/\",\"url\":\"https:\\\/\\\/delbenformaggi.it\\\/de\\\/latteria-formaggi\\\/wasserbuffel\\\/bueffel-caciotta-aus-aviano\\\/\",\"name\":\"B\u00fcffel-Caciotta aus Aviano | e-shop Del Ben Formaggi\",\"isPartOf\":{\"@id\":\"https:\\\/\\\/delbenformaggi.it\\\/de\\\/#website\"},\"primaryImageOfPage\":{\"@id\":\"https:\\\/\\\/delbenformaggi.it\\\/de\\\/latteria-formaggi\\\/wasserbuffel\\\/bueffel-caciotta-aus-aviano\\\/#primaryimage\"},\"image\":{\"@id\":\"https:\\\/\\\/delbenformaggi.it\\\/de\\\/latteria-formaggi\\\/wasserbuffel\\\/bueffel-caciotta-aus-aviano\\\/#primaryimage\"},\"thumbnailUrl\":\"https:\\\/\\\/delbenformaggi.it\\\/wp-content\\\/uploads\\\/2025\\\/04\\\/caciotta-di-bufala-del-ben-formaggi.png\",\"datePublished\":\"2025-04-16T12:51:41+00:00\",\"dateModified\":\"2026-04-29T22:14:53+00:00\",\"description\":\"Scopri tutte le informazioni sul nostro B\u00fcffel-Caciotta aus Aviano | e-shop Del Ben Formaggi\",\"breadcrumb\":{\"@id\":\"https:\\\/\\\/delbenformaggi.it\\\/de\\\/latteria-formaggi\\\/wasserbuffel\\\/bueffel-caciotta-aus-aviano\\\/#breadcrumb\"},\"inLanguage\":\"de\",\"potentialAction\":[{\"@type\":\"ReadAction\",\"target\":[\"https:\\\/\\\/delbenformaggi.it\\\/de\\\/latteria-formaggi\\\/wasserbuffel\\\/bueffel-caciotta-aus-aviano\\\/\"]}]},{\"@type\":\"ImageObject\",\"inLanguage\":\"de\",\"@id\":\"https:\\\/\\\/delbenformaggi.it\\\/de\\\/latteria-formaggi\\\/wasserbuffel\\\/bueffel-caciotta-aus-aviano\\\/#primaryimage\",\"url\":\"https:\\\/\\\/delbenformaggi.it\\\/wp-content\\\/uploads\\\/2025\\\/04\\\/caciotta-di-bufala-del-ben-formaggi.png\",\"contentUrl\":\"https:\\\/\\\/delbenformaggi.it\\\/wp-content\\\/uploads\\\/2025\\\/04\\\/caciotta-di-bufala-del-ben-formaggi.png\",\"width\":1434,\"height\":956,\"caption\":\"Caciotta d'Aviano di bufala | Del Ben formaggi\"},{\"@type\":\"BreadcrumbList\",\"@id\":\"https:\\\/\\\/delbenformaggi.it\\\/de\\\/latteria-formaggi\\\/wasserbuffel\\\/bueffel-caciotta-aus-aviano\\\/#breadcrumb\",\"itemListElement\":[{\"@type\":\"ListItem\",\"position\":1,\"name\":\"Home\",\"item\":\"https:\\\/\\\/delbenformaggi.it\\\/de\\\/\"},{\"@type\":\"ListItem\",\"position\":2,\"name\":\"Shop\",\"item\":\"https:\\\/\\\/delbenformaggi.it\\\/de\\\/shop\\\/\"},{\"@type\":\"ListItem\",\"position\":3,\"name\":\"B\u00fcffel-Caciotta aus Aviano\"}]},{\"@type\":\"WebSite\",\"@id\":\"https:\\\/\\\/delbenformaggi.it\\\/de\\\/#website\",\"url\":\"https:\\\/\\\/delbenformaggi.it\\\/de\\\/\",\"name\":\"e-shop Del Ben Formaggi\",\"description\":\"\",\"publisher\":{\"@id\":\"https:\\\/\\\/delbenformaggi.it\\\/de\\\/#organization\"},\"potentialAction\":[{\"@type\":\"SearchAction\",\"target\":{\"@type\":\"EntryPoint\",\"urlTemplate\":\"https:\\\/\\\/delbenformaggi.it\\\/de\\\/?s={search_term_string}\"},\"query-input\":{\"@type\":\"PropertyValueSpecification\",\"valueRequired\":true,\"valueName\":\"search_term_string\"}}],\"inLanguage\":\"de\"},{\"@type\":\"Organization\",\"@id\":\"https:\\\/\\\/delbenformaggi.it\\\/de\\\/#organization\",\"name\":\"Del Ben Formaggi\",\"url\":\"https:\\\/\\\/delbenformaggi.it\\\/de\\\/\",\"logo\":{\"@type\":\"ImageObject\",\"inLanguage\":\"de\",\"@id\":\"https:\\\/\\\/delbenformaggi.it\\\/de\\\/#\\\/schema\\\/logo\\\/image\\\/\",\"url\":\"https:\\\/\\\/delbenformaggi.it\\\/wp-content\\\/uploads\\\/2015\\\/12\\\/logo-del-ben-per-insegna.png\",\"contentUrl\":\"https:\\\/\\\/delbenformaggi.it\\\/wp-content\\\/uploads\\\/2015\\\/12\\\/logo-del-ben-per-insegna.png\",\"width\":236,\"height\":135,\"caption\":\"Del Ben Formaggi\"},\"image\":{\"@id\":\"https:\\\/\\\/delbenformaggi.it\\\/de\\\/#\\\/schema\\\/logo\\\/image\\\/\"}}]}<\/script>\n<!-- \/ Yoast SEO plugin. -->","yoast_head_json":{"title":"B\u00fcffel-Caciotta aus Aviano | e-shop Del Ben Formaggi","description":"Scopri tutte le informazioni sul nostro B\u00fcffel-Caciotta aus Aviano | e-shop Del Ben Formaggi","robots":{"index":"index","follow":"follow","max-snippet":"max-snippet:-1","max-image-preview":"max-image-preview:large","max-video-preview":"max-video-preview:-1"},"canonical":"https:\/\/delbenformaggi.it\/de\/latteria-formaggi\/wasserbuffel\/bueffel-caciotta-aus-aviano\/","og_locale":"de_DE","og_type":"article","og_title":"B\u00fcffel-Caciotta aus Aviano | e-shop Del Ben Formaggi","og_description":"Scopri tutte le informazioni sul nostro B\u00fcffel-Caciotta aus Aviano | e-shop Del Ben Formaggi","og_url":"https:\/\/delbenformaggi.it\/de\/latteria-formaggi\/wasserbuffel\/bueffel-caciotta-aus-aviano\/","og_site_name":"e-shop Del Ben Formaggi","article_modified_time":"2026-04-29T22:14:53+00:00","og_image":[{"width":1434,"height":956,"url":"https:\/\/delbenformaggi.it\/wp-content\/uploads\/2025\/04\/caciotta-di-bufala-del-ben-formaggi.png","type":"image\/png"}],"twitter_card":"summary_large_image","twitter_misc":{"Gesch\u00e4tzte Lesezeit":"1\u00a0Minute"},"schema":{"@context":"https:\/\/schema.org","@graph":[{"@type":"WebPage","@id":"https:\/\/delbenformaggi.it\/de\/latteria-formaggi\/wasserbuffel\/bueffel-caciotta-aus-aviano\/","url":"https:\/\/delbenformaggi.it\/de\/latteria-formaggi\/wasserbuffel\/bueffel-caciotta-aus-aviano\/","name":"B\u00fcffel-Caciotta aus Aviano | e-shop Del Ben Formaggi","isPartOf":{"@id":"https:\/\/delbenformaggi.it\/de\/#website"},"primaryImageOfPage":{"@id":"https:\/\/delbenformaggi.it\/de\/latteria-formaggi\/wasserbuffel\/bueffel-caciotta-aus-aviano\/#primaryimage"},"image":{"@id":"https:\/\/delbenformaggi.it\/de\/latteria-formaggi\/wasserbuffel\/bueffel-caciotta-aus-aviano\/#primaryimage"},"thumbnailUrl":"https:\/\/delbenformaggi.it\/wp-content\/uploads\/2025\/04\/caciotta-di-bufala-del-ben-formaggi.png","datePublished":"2025-04-16T12:51:41+00:00","dateModified":"2026-04-29T22:14:53+00:00","description":"Scopri tutte le informazioni sul nostro B\u00fcffel-Caciotta aus Aviano | e-shop Del Ben Formaggi","breadcrumb":{"@id":"https:\/\/delbenformaggi.it\/de\/latteria-formaggi\/wasserbuffel\/bueffel-caciotta-aus-aviano\/#breadcrumb"},"inLanguage":"de","potentialAction":[{"@type":"ReadAction","target":["https:\/\/delbenformaggi.it\/de\/latteria-formaggi\/wasserbuffel\/bueffel-caciotta-aus-aviano\/"]}]},{"@type":"ImageObject","inLanguage":"de","@id":"https:\/\/delbenformaggi.it\/de\/latteria-formaggi\/wasserbuffel\/bueffel-caciotta-aus-aviano\/#primaryimage","url":"https:\/\/delbenformaggi.it\/wp-content\/uploads\/2025\/04\/caciotta-di-bufala-del-ben-formaggi.png","contentUrl":"https:\/\/delbenformaggi.it\/wp-content\/uploads\/2025\/04\/caciotta-di-bufala-del-ben-formaggi.png","width":1434,"height":956,"caption":"Caciotta d'Aviano di bufala | Del Ben formaggi"},{"@type":"BreadcrumbList","@id":"https:\/\/delbenformaggi.it\/de\/latteria-formaggi\/wasserbuffel\/bueffel-caciotta-aus-aviano\/#breadcrumb","itemListElement":[{"@type":"ListItem","position":1,"name":"Home","item":"https:\/\/delbenformaggi.it\/de\/"},{"@type":"ListItem","position":2,"name":"Shop","item":"https:\/\/delbenformaggi.it\/de\/shop\/"},{"@type":"ListItem","position":3,"name":"B\u00fcffel-Caciotta aus Aviano"}]},{"@type":"WebSite","@id":"https:\/\/delbenformaggi.it\/de\/#website","url":"https:\/\/delbenformaggi.it\/de\/","name":"e-shop Del Ben Formaggi","description":"","publisher":{"@id":"https:\/\/delbenformaggi.it\/de\/#organization"},"potentialAction":[{"@type":"SearchAction","target":{"@type":"EntryPoint","urlTemplate":"https:\/\/delbenformaggi.it\/de\/?s={search_term_string}"},"query-input":{"@type":"PropertyValueSpecification","valueRequired":true,"valueName":"search_term_string"}}],"inLanguage":"de"},{"@type":"Organization","@id":"https:\/\/delbenformaggi.it\/de\/#organization","name":"Del Ben Formaggi","url":"https:\/\/delbenformaggi.it\/de\/","logo":{"@type":"ImageObject","inLanguage":"de","@id":"https:\/\/delbenformaggi.it\/de\/#\/schema\/logo\/image\/","url":"https:\/\/delbenformaggi.it\/wp-content\/uploads\/2015\/12\/logo-del-ben-per-insegna.png","contentUrl":"https:\/\/delbenformaggi.it\/wp-content\/uploads\/2015\/12\/logo-del-ben-per-insegna.png","width":236,"height":135,"caption":"Del Ben Formaggi"},"image":{"@id":"https:\/\/delbenformaggi.it\/de\/#\/schema\/logo\/image\/"}}]}},"_links":{"self":[{"href":"https:\/\/delbenformaggi.it\/de\/wp-json\/wp\/v2\/product\/7814","targetHints":{"allow":["GET"]}}],"collection":[{"href":"https:\/\/delbenformaggi.it\/de\/wp-json\/wp\/v2\/product"}],"about":[{"href":"https:\/\/delbenformaggi.it\/de\/wp-json\/wp\/v2\/types\/product"}],"wp:featuredmedia":[{"embeddable":true,"href":"https:\/\/delbenformaggi.it\/de\/wp-json\/wp\/v2\/media\/7284"}],"wp:attachment":[{"href":"https:\/\/delbenformaggi.it\/de\/wp-json\/wp\/v2\/media?parent=7814"}],"wp:term":[{"taxonomy":"product_brand","embeddable":true,"href":"https:\/\/delbenformaggi.it\/de\/wp-json\/wp\/v2\/product_brand?post=7814"},{"taxonomy":"product_cat","embeddable":true,"href":"https:\/\/delbenformaggi.it\/de\/wp-json\/wp\/v2\/product_cat?post=7814"},{"taxonomy":"product_tag","embeddable":true,"href":"https:\/\/delbenformaggi.it\/de\/wp-json\/wp\/v2\/product_tag?post=7814"}],"curies":[{"name":"wp","href":"https:\/\/api.w.org\/{rel}","templated":true}]}}