{"id":7816,"date":"2025-04-16T14:51:41","date_gmt":"2025-04-16T12:51:41","guid":{"rendered":"https:\/\/delbenformaggi.it\/latteria-formaggi\/non%20class\u00e9\/caciotta-daviano-di-bufala\/"},"modified":"2026-04-30T13:39:33","modified_gmt":"2026-04-30T11:39:33","slug":"caciotta-daviano-di-bufala","status":"publish","type":"product","link":"https:\/\/delbenformaggi.it\/fr\/latteria-formaggi\/fromages-de-bufflonne\/caciotta-daviano-di-bufala\/","title":{"rendered":"Caciotta d&#8217;Aviano de bufflonne"},"content":{"rendered":"<p>Ce produit peut \u00eatre consomm\u00e9 par l&#8217;ensemble de la population, \u00e0 l&#8217;exception des personnes allergiques aux ingr\u00e9dients mentionn\u00e9s ci-dessus ou aux composants du lait.<\/p>\n<p><strong>D\u00c9NOMINATION:<\/strong> fromage frais<br \/>\n<strong>INGR\u00c9DIENTS:<\/strong> lait de bufflonne, sel, pr\u00e9sure. Cro\u00fbte non comestible.<br \/>\n<strong>ORIGINE DU LAIT:<\/strong> Italie<br \/>\n<strong>OGM:<\/strong> Ne contient pas et ne provient pas d&#8217;OGM<br \/>\n<strong>DLC:<\/strong> 60 jours<br \/>\n<strong>CONSERVATION<\/strong>: 0\u00b0\/+4\u00b0C<br \/>\n<strong>CONDITIONNEMENT:<\/strong> Emballage en Ovtene<br \/>\n<strong>POIDS INDICATIF:<\/strong> 400 gr<\/p>\n<h4>CARACT\u00c9RISTIQUES MICROBIOLOGIQUES<\/h4>\n<p><strong>ESCHERICHIA COLI:<\/strong> Dans les limites l\u00e9gales<br \/>\n<strong>STAPHYLOCOCCUS AUREUS:<\/strong> Dans les limites l\u00e9gales<br \/>\n<strong>SALMONELLA<\/strong>: Absent<br \/>\n<strong>LISTERIA MONOCYTOGENES<\/strong>: Absent<\/p>\n<p>&nbsp;<\/p>\n<p><strong>INFORMATIONS NUTRITIONNELLES<br \/>\n<\/strong>(valeurs moyennes pour 100 g de produit)<\/p>\n<p><strong>VALEUR \u00c9NERG\u00c9TIQUE:<\/strong> 432 Kcal\/ 1786 kJ<br \/>\n<strong>MATI\u00c8RES GRASSES: <\/strong>39 g<br \/>\n<strong>dont SATUR\u00c9ES:<\/strong> 26 g<br \/>\n<strong>GLUCIDES:<\/strong> 1.2 g<br \/>\n<strong>dont SUCRES:<\/strong> 0 g<br \/>\n<strong>FIBRES ALIMENTAIRES:<\/strong> 0g<strong><br \/>\n<\/strong><strong>PROT\u00c9INES:<\/strong> 19 g<br \/>\n<strong>SEL:<\/strong> 1,5 g<\/p>\n","protected":false},"excerpt":{"rendered":"<div class=\"page\" title=\"Page 2\">\n<div class=\"page\" title=\"Page 2\">\n<p><strong>400g<\/strong><\/p>\n<p>Caciotta \u00e0 base de lait de bufflonne au go\u00fbt doux et prononc\u00e9. Sa texture molle lui conf\u00e8re une irr\u00e9sistible fonte au palais. <\/p>\n<\/div>\n<\/div>\n","protected":false},"featured_media":7284,"template":"","meta":[],"product_brand":[],"product_cat":[407],"product_tag":[],"class_list":{"0":"post-7816","1":"product","2":"type-product","3":"status-publish","4":"has-post-thumbnail","6":"product_cat-fromages-de-bufflonne","7":"pa_porzionatura-400g","9":"first","10":"instock","11":"shipping-taxable","12":"purchasable","13":"product-type-simple"},"yoast_head":"<!-- This site is optimized with the Yoast SEO plugin v27.4 - https:\/\/yoast.com\/product\/yoast-seo-wordpress\/ -->\n<title>Caciotta d&#039;Aviano de bufflonne | e-shop Del Ben Formaggi<\/title>\n<meta name=\"description\" content=\"Scopri tutte le informazioni sul nostro Caciotta d&#039;Aviano de bufflonne | e-shop Del Ben Formaggi\" \/>\n<meta name=\"robots\" content=\"index, follow, max-snippet:-1, max-image-preview:large, max-video-preview:-1\" \/>\n<link rel=\"canonical\" href=\"https:\/\/delbenformaggi.it\/fr\/latteria-formaggi\/fromages-de-bufflonne\/caciotta-daviano-di-bufala\/\" \/>\n<meta property=\"og:locale\" content=\"fr_FR\" \/>\n<meta property=\"og:type\" content=\"article\" \/>\n<meta property=\"og:title\" content=\"Caciotta d&#039;Aviano de bufflonne | e-shop Del Ben Formaggi\" \/>\n<meta property=\"og:description\" content=\"Scopri tutte le informazioni sul nostro Caciotta d&#039;Aviano de bufflonne | e-shop Del Ben Formaggi\" \/>\n<meta property=\"og:url\" content=\"https:\/\/delbenformaggi.it\/fr\/latteria-formaggi\/fromages-de-bufflonne\/caciotta-daviano-di-bufala\/\" \/>\n<meta property=\"og:site_name\" content=\"e-shop Del Ben Formaggi\" \/>\n<meta property=\"article:modified_time\" content=\"2026-04-30T11:39:33+00:00\" \/>\n<meta property=\"og:image\" content=\"https:\/\/delbenformaggi.it\/wp-content\/uploads\/2025\/04\/caciotta-di-bufala-del-ben-formaggi.png\" \/>\n\t<meta property=\"og:image:width\" content=\"1434\" \/>\n\t<meta property=\"og:image:height\" content=\"956\" \/>\n\t<meta property=\"og:image:type\" content=\"image\/png\" \/>\n<meta name=\"twitter:card\" content=\"summary_large_image\" \/>\n<meta name=\"twitter:label1\" content=\"Dur\u00e9e de lecture estim\u00e9e\" \/>\n\t<meta name=\"twitter:data1\" content=\"1 minute\" \/>\n<script type=\"application\/ld+json\" class=\"yoast-schema-graph\">{\"@context\":\"https:\\\/\\\/schema.org\",\"@graph\":[{\"@type\":\"WebPage\",\"@id\":\"https:\\\/\\\/delbenformaggi.it\\\/fr\\\/latteria-formaggi\\\/fromages-de-bufflonne\\\/caciotta-daviano-di-bufala\\\/\",\"url\":\"https:\\\/\\\/delbenformaggi.it\\\/fr\\\/latteria-formaggi\\\/fromages-de-bufflonne\\\/caciotta-daviano-di-bufala\\\/\",\"name\":\"Caciotta d'Aviano de bufflonne | e-shop Del Ben Formaggi\",\"isPartOf\":{\"@id\":\"https:\\\/\\\/delbenformaggi.it\\\/fr\\\/#website\"},\"primaryImageOfPage\":{\"@id\":\"https:\\\/\\\/delbenformaggi.it\\\/fr\\\/latteria-formaggi\\\/fromages-de-bufflonne\\\/caciotta-daviano-di-bufala\\\/#primaryimage\"},\"image\":{\"@id\":\"https:\\\/\\\/delbenformaggi.it\\\/fr\\\/latteria-formaggi\\\/fromages-de-bufflonne\\\/caciotta-daviano-di-bufala\\\/#primaryimage\"},\"thumbnailUrl\":\"https:\\\/\\\/delbenformaggi.it\\\/wp-content\\\/uploads\\\/2025\\\/04\\\/caciotta-di-bufala-del-ben-formaggi.png\",\"datePublished\":\"2025-04-16T12:51:41+00:00\",\"dateModified\":\"2026-04-30T11:39:33+00:00\",\"description\":\"Scopri tutte le informazioni sul nostro Caciotta d'Aviano de bufflonne | e-shop Del Ben Formaggi\",\"breadcrumb\":{\"@id\":\"https:\\\/\\\/delbenformaggi.it\\\/fr\\\/latteria-formaggi\\\/fromages-de-bufflonne\\\/caciotta-daviano-di-bufala\\\/#breadcrumb\"},\"inLanguage\":\"fr-FR\",\"potentialAction\":[{\"@type\":\"ReadAction\",\"target\":[\"https:\\\/\\\/delbenformaggi.it\\\/fr\\\/latteria-formaggi\\\/fromages-de-bufflonne\\\/caciotta-daviano-di-bufala\\\/\"]}]},{\"@type\":\"ImageObject\",\"inLanguage\":\"fr-FR\",\"@id\":\"https:\\\/\\\/delbenformaggi.it\\\/fr\\\/latteria-formaggi\\\/fromages-de-bufflonne\\\/caciotta-daviano-di-bufala\\\/#primaryimage\",\"url\":\"https:\\\/\\\/delbenformaggi.it\\\/wp-content\\\/uploads\\\/2025\\\/04\\\/caciotta-di-bufala-del-ben-formaggi.png\",\"contentUrl\":\"https:\\\/\\\/delbenformaggi.it\\\/wp-content\\\/uploads\\\/2025\\\/04\\\/caciotta-di-bufala-del-ben-formaggi.png\",\"width\":1434,\"height\":956,\"caption\":\"Caciotta d'Aviano di bufala | Del Ben formaggi\"},{\"@type\":\"BreadcrumbList\",\"@id\":\"https:\\\/\\\/delbenformaggi.it\\\/fr\\\/latteria-formaggi\\\/fromages-de-bufflonne\\\/caciotta-daviano-di-bufala\\\/#breadcrumb\",\"itemListElement\":[{\"@type\":\"ListItem\",\"position\":1,\"name\":\"Home\",\"item\":\"https:\\\/\\\/delbenformaggi.it\\\/fr\\\/\"},{\"@type\":\"ListItem\",\"position\":2,\"name\":\"Boutique\",\"item\":\"https:\\\/\\\/delbenformaggi.it\\\/fr\\\/boutique\\\/\"},{\"@type\":\"ListItem\",\"position\":3,\"name\":\"Caciotta d&#8217;Aviano de bufflonne\"}]},{\"@type\":\"WebSite\",\"@id\":\"https:\\\/\\\/delbenformaggi.it\\\/fr\\\/#website\",\"url\":\"https:\\\/\\\/delbenformaggi.it\\\/fr\\\/\",\"name\":\"e-shop Del Ben Formaggi\",\"description\":\"\",\"publisher\":{\"@id\":\"https:\\\/\\\/delbenformaggi.it\\\/fr\\\/#organization\"},\"potentialAction\":[{\"@type\":\"SearchAction\",\"target\":{\"@type\":\"EntryPoint\",\"urlTemplate\":\"https:\\\/\\\/delbenformaggi.it\\\/fr\\\/?s={search_term_string}\"},\"query-input\":{\"@type\":\"PropertyValueSpecification\",\"valueRequired\":true,\"valueName\":\"search_term_string\"}}],\"inLanguage\":\"fr-FR\"},{\"@type\":\"Organization\",\"@id\":\"https:\\\/\\\/delbenformaggi.it\\\/fr\\\/#organization\",\"name\":\"Del Ben Formaggi\",\"url\":\"https:\\\/\\\/delbenformaggi.it\\\/fr\\\/\",\"logo\":{\"@type\":\"ImageObject\",\"inLanguage\":\"fr-FR\",\"@id\":\"https:\\\/\\\/delbenformaggi.it\\\/fr\\\/#\\\/schema\\\/logo\\\/image\\\/\",\"url\":\"https:\\\/\\\/delbenformaggi.it\\\/wp-content\\\/uploads\\\/2015\\\/12\\\/logo-del-ben-per-insegna.png\",\"contentUrl\":\"https:\\\/\\\/delbenformaggi.it\\\/wp-content\\\/uploads\\\/2015\\\/12\\\/logo-del-ben-per-insegna.png\",\"width\":236,\"height\":135,\"caption\":\"Del Ben Formaggi\"},\"image\":{\"@id\":\"https:\\\/\\\/delbenformaggi.it\\\/fr\\\/#\\\/schema\\\/logo\\\/image\\\/\"}}]}<\/script>\n<!-- \/ Yoast SEO plugin. -->","yoast_head_json":{"title":"Caciotta d'Aviano de bufflonne | e-shop Del Ben Formaggi","description":"Scopri tutte le informazioni sul nostro Caciotta d'Aviano de bufflonne | e-shop Del Ben Formaggi","robots":{"index":"index","follow":"follow","max-snippet":"max-snippet:-1","max-image-preview":"max-image-preview:large","max-video-preview":"max-video-preview:-1"},"canonical":"https:\/\/delbenformaggi.it\/fr\/latteria-formaggi\/fromages-de-bufflonne\/caciotta-daviano-di-bufala\/","og_locale":"fr_FR","og_type":"article","og_title":"Caciotta d'Aviano de bufflonne | e-shop Del Ben Formaggi","og_description":"Scopri tutte le informazioni sul nostro Caciotta d'Aviano de bufflonne | e-shop Del Ben Formaggi","og_url":"https:\/\/delbenformaggi.it\/fr\/latteria-formaggi\/fromages-de-bufflonne\/caciotta-daviano-di-bufala\/","og_site_name":"e-shop Del Ben Formaggi","article_modified_time":"2026-04-30T11:39:33+00:00","og_image":[{"width":1434,"height":956,"url":"https:\/\/delbenformaggi.it\/wp-content\/uploads\/2025\/04\/caciotta-di-bufala-del-ben-formaggi.png","type":"image\/png"}],"twitter_card":"summary_large_image","twitter_misc":{"Dur\u00e9e de lecture estim\u00e9e":"1 minute"},"schema":{"@context":"https:\/\/schema.org","@graph":[{"@type":"WebPage","@id":"https:\/\/delbenformaggi.it\/fr\/latteria-formaggi\/fromages-de-bufflonne\/caciotta-daviano-di-bufala\/","url":"https:\/\/delbenformaggi.it\/fr\/latteria-formaggi\/fromages-de-bufflonne\/caciotta-daviano-di-bufala\/","name":"Caciotta d'Aviano de bufflonne | e-shop Del Ben Formaggi","isPartOf":{"@id":"https:\/\/delbenformaggi.it\/fr\/#website"},"primaryImageOfPage":{"@id":"https:\/\/delbenformaggi.it\/fr\/latteria-formaggi\/fromages-de-bufflonne\/caciotta-daviano-di-bufala\/#primaryimage"},"image":{"@id":"https:\/\/delbenformaggi.it\/fr\/latteria-formaggi\/fromages-de-bufflonne\/caciotta-daviano-di-bufala\/#primaryimage"},"thumbnailUrl":"https:\/\/delbenformaggi.it\/wp-content\/uploads\/2025\/04\/caciotta-di-bufala-del-ben-formaggi.png","datePublished":"2025-04-16T12:51:41+00:00","dateModified":"2026-04-30T11:39:33+00:00","description":"Scopri tutte le informazioni sul nostro Caciotta d'Aviano de bufflonne | e-shop Del Ben Formaggi","breadcrumb":{"@id":"https:\/\/delbenformaggi.it\/fr\/latteria-formaggi\/fromages-de-bufflonne\/caciotta-daviano-di-bufala\/#breadcrumb"},"inLanguage":"fr-FR","potentialAction":[{"@type":"ReadAction","target":["https:\/\/delbenformaggi.it\/fr\/latteria-formaggi\/fromages-de-bufflonne\/caciotta-daviano-di-bufala\/"]}]},{"@type":"ImageObject","inLanguage":"fr-FR","@id":"https:\/\/delbenformaggi.it\/fr\/latteria-formaggi\/fromages-de-bufflonne\/caciotta-daviano-di-bufala\/#primaryimage","url":"https:\/\/delbenformaggi.it\/wp-content\/uploads\/2025\/04\/caciotta-di-bufala-del-ben-formaggi.png","contentUrl":"https:\/\/delbenformaggi.it\/wp-content\/uploads\/2025\/04\/caciotta-di-bufala-del-ben-formaggi.png","width":1434,"height":956,"caption":"Caciotta d'Aviano di bufala | Del Ben formaggi"},{"@type":"BreadcrumbList","@id":"https:\/\/delbenformaggi.it\/fr\/latteria-formaggi\/fromages-de-bufflonne\/caciotta-daviano-di-bufala\/#breadcrumb","itemListElement":[{"@type":"ListItem","position":1,"name":"Home","item":"https:\/\/delbenformaggi.it\/fr\/"},{"@type":"ListItem","position":2,"name":"Boutique","item":"https:\/\/delbenformaggi.it\/fr\/boutique\/"},{"@type":"ListItem","position":3,"name":"Caciotta d&#8217;Aviano de bufflonne"}]},{"@type":"WebSite","@id":"https:\/\/delbenformaggi.it\/fr\/#website","url":"https:\/\/delbenformaggi.it\/fr\/","name":"e-shop Del Ben Formaggi","description":"","publisher":{"@id":"https:\/\/delbenformaggi.it\/fr\/#organization"},"potentialAction":[{"@type":"SearchAction","target":{"@type":"EntryPoint","urlTemplate":"https:\/\/delbenformaggi.it\/fr\/?s={search_term_string}"},"query-input":{"@type":"PropertyValueSpecification","valueRequired":true,"valueName":"search_term_string"}}],"inLanguage":"fr-FR"},{"@type":"Organization","@id":"https:\/\/delbenformaggi.it\/fr\/#organization","name":"Del Ben Formaggi","url":"https:\/\/delbenformaggi.it\/fr\/","logo":{"@type":"ImageObject","inLanguage":"fr-FR","@id":"https:\/\/delbenformaggi.it\/fr\/#\/schema\/logo\/image\/","url":"https:\/\/delbenformaggi.it\/wp-content\/uploads\/2015\/12\/logo-del-ben-per-insegna.png","contentUrl":"https:\/\/delbenformaggi.it\/wp-content\/uploads\/2015\/12\/logo-del-ben-per-insegna.png","width":236,"height":135,"caption":"Del Ben Formaggi"},"image":{"@id":"https:\/\/delbenformaggi.it\/fr\/#\/schema\/logo\/image\/"}}]}},"_links":{"self":[{"href":"https:\/\/delbenformaggi.it\/fr\/wp-json\/wp\/v2\/product\/7816","targetHints":{"allow":["GET"]}}],"collection":[{"href":"https:\/\/delbenformaggi.it\/fr\/wp-json\/wp\/v2\/product"}],"about":[{"href":"https:\/\/delbenformaggi.it\/fr\/wp-json\/wp\/v2\/types\/product"}],"wp:featuredmedia":[{"embeddable":true,"href":"https:\/\/delbenformaggi.it\/fr\/wp-json\/wp\/v2\/media\/7284"}],"wp:attachment":[{"href":"https:\/\/delbenformaggi.it\/fr\/wp-json\/wp\/v2\/media?parent=7816"}],"wp:term":[{"taxonomy":"product_brand","embeddable":true,"href":"https:\/\/delbenformaggi.it\/fr\/wp-json\/wp\/v2\/product_brand?post=7816"},{"taxonomy":"product_cat","embeddable":true,"href":"https:\/\/delbenformaggi.it\/fr\/wp-json\/wp\/v2\/product_cat?post=7816"},{"taxonomy":"product_tag","embeddable":true,"href":"https:\/\/delbenformaggi.it\/fr\/wp-json\/wp\/v2\/product_tag?post=7816"}],"curies":[{"name":"wp","href":"https:\/\/api.w.org\/{rel}","templated":true}]}}