{"id":7818,"date":"2017-08-28T14:49:20","date_gmt":"2017-08-28T12:49:20","guid":{"rendered":"https:\/\/delbenformaggi.it\/latteria-formaggi\/non%20class\u00e9\/mozzarella-la-furlane-daviano-au-lait-de-bufflonne\/"},"modified":"2026-04-30T17:04:06","modified_gmt":"2026-04-30T15:04:06","slug":"mozzarella-la-furlane-daviano-au-lait-de-bufflonne","status":"publish","type":"product","link":"https:\/\/delbenformaggi.it\/fr\/latteria-formaggi\/menu-produits-del-ben-formaggi\/bufflonne-menu\/mozzarella-la-furlane-daviano-au-lait-de-bufflonne\/","title":{"rendered":"Mozzarella \u00ab la Furlane \u00bb d\u2019Aviano au lait de bufflonne"},"content":{"rendered":"<p>Ce produit peut \u00eatre consomm\u00e9 par l\u2019ensemble de la population, \u00e0 l\u2019exclusion des personnes allergiques aux ingr\u00e9dients susmentionn\u00e9s ou aux composants du lait.<\/p>\n<h4>DESCRIPTION DU PRODUIT<\/h4>\n<p><strong>D\u00c9NOMINATION :<\/strong> Mozzarella La Furlane d\u2019Aviano<br \/>\n<strong>CAT\u00c9GORIE :<\/strong> Frais<br \/>\n<strong>AFFINAGE :<\/strong> Aucun<br \/>\n<strong>INGR\u00c9DIENTS :<\/strong> Lait de bufflonne, sel, pr\u00e9sure<br \/>\n<strong>ORIGINE DU LAIT:<\/strong> Italie<br \/>\n<strong>ALLERG\u00c8NES :<\/strong> Lait<br \/>\n<strong>OGM:<\/strong> Ne contient pas et ne provient pas d&#8217;OGM<br \/>\n<strong>DLC :<\/strong> 20 jours<br \/>\n<strong>CONSERVATION :<\/strong> +4 \u00b0C<br \/>\n<strong>CONDITIONNEMENT :<\/strong> Sachet plastique adapt\u00e9 au contact alimentaire et liquide de couverture<br \/>\n<strong>POIDS INDICATIF :<\/strong> 250 g<br \/>\n<strong>FORME : <\/strong>Bocconcini<\/p>\n<h4>CARACT\u00c9RISTIQUES ORGANOLEPTIQUES<\/h4>\n<p><strong>ODEUR :<\/strong> Lactique<br \/>\n<strong>COULEUR :<\/strong> Blanc laiteux<br \/>\n<strong>SAVEUR :<\/strong> Lactique<br \/>\n<strong>ASPECT EXT\u00c9RIEUR :<\/strong> Sans cro\u00fbte<br \/>\n<strong>ASPECT INT\u00c9RIEUR :<\/strong> Structure fibreuse, absence d\u2019ouverture<br \/>\n<strong>CONSISTANCE :<\/strong> Moelleuse et \u00e9lastique<\/p>\n<h4>INFORMATIONS NUTRITIONNELLES<\/h4>\n<p>(valeurs moyennes pour 100 g de produit)<\/p>\n<p><strong>VALEUR \u00c9NERG\u00c9TIQUE :<\/strong> 284 kcal \/ 1 177 kJ<br \/>\n<strong>MATI\u00c8RES GRASSES :<\/strong> 24 g<br \/>\n<strong>dont SATUR\u00c9ES :<\/strong> 17 g<br \/>\n<strong>GLUCIDES :<\/strong> 0 g<br \/>\n<strong>dont SUCRES:<\/strong> 0 g<br \/>\n<strong>PROT\u00c9INES :<\/strong> 17 g<br \/>\n<strong>SEL :<\/strong> 0,30 g<\/p>\n","protected":false},"excerpt":{"rendered":"<p>Une mozzarella 100 % pur lait de bufflonne \u00e0 circuit court pour garantir un produit local toujours tr\u00e8s frais. Elle se caract\u00e9rise par un parfum de lait unique, mais acquiert de nouvelles nuances apr\u00e8s quelques jours, tout en conservant sa d\u00e9licatesse. <\/p>\n","protected":false},"featured_media":4236,"template":"","meta":[],"product_brand":[],"product_cat":[415,412],"product_tag":[],"class_list":{"0":"post-7818","1":"product","2":"type-product","3":"status-publish","4":"has-post-thumbnail","6":"product_cat-bufflonne-menu","7":"product_cat-menu-produits-del-ben-formaggi","8":"pa_porzionatura-1-x-250-g","9":"pa_porzionatura-10-x-25-g","11":"first","12":"instock","13":"shipping-taxable","14":"purchasable","15":"product-type-variable"},"yoast_head":"<!-- This site is optimized with the Yoast SEO plugin v27.4 - https:\/\/yoast.com\/product\/yoast-seo-wordpress\/ -->\n<title>Mozzarella \u00ab la Furlane \u00bb d\u2019Aviano au lait de bufflonne | e-shop Del Ben Formaggi<\/title>\n<meta name=\"description\" content=\"Scopri tutte le informazioni sul nostro Mozzarella \u00ab la Furlane \u00bb d\u2019Aviano au lait de bufflonne | e-shop Del Ben Formaggi\" \/>\n<meta name=\"robots\" content=\"index, follow, max-snippet:-1, max-image-preview:large, max-video-preview:-1\" \/>\n<link rel=\"canonical\" href=\"https:\/\/delbenformaggi.it\/fr\/latteria-formaggi\/menu-produits-del-ben-formaggi\/bufflonne-menu\/mozzarella-la-furlane-daviano-au-lait-de-bufflonne\/\" \/>\n<meta property=\"og:locale\" content=\"fr_FR\" \/>\n<meta property=\"og:type\" content=\"article\" \/>\n<meta property=\"og:title\" content=\"Mozzarella \u00ab la Furlane \u00bb d\u2019Aviano au lait de bufflonne | e-shop Del Ben Formaggi\" \/>\n<meta property=\"og:description\" content=\"Scopri tutte le informazioni sul nostro Mozzarella \u00ab la Furlane \u00bb d\u2019Aviano au lait de bufflonne | e-shop Del Ben Formaggi\" \/>\n<meta property=\"og:url\" content=\"https:\/\/delbenformaggi.it\/fr\/latteria-formaggi\/menu-produits-del-ben-formaggi\/bufflonne-menu\/mozzarella-la-furlane-daviano-au-lait-de-bufflonne\/\" \/>\n<meta property=\"og:site_name\" content=\"e-shop Del Ben Formaggi\" \/>\n<meta property=\"article:modified_time\" content=\"2026-04-30T15:04:06+00:00\" \/>\n<meta property=\"og:image\" content=\"https:\/\/delbenformaggi.it\/wp-content\/uploads\/2017\/08\/mozzarella-di-bufala-la-furlane-di-aviano-del-ben-formaggi.jpg\" \/>\n\t<meta property=\"og:image:width\" content=\"1600\" \/>\n\t<meta property=\"og:image:height\" content=\"1067\" \/>\n\t<meta property=\"og:image:type\" content=\"image\/jpeg\" \/>\n<meta name=\"twitter:card\" content=\"summary_large_image\" \/>\n<meta name=\"twitter:label1\" content=\"Dur\u00e9e de lecture estim\u00e9e\" \/>\n\t<meta name=\"twitter:data1\" content=\"1 minute\" \/>\n<script type=\"application\/ld+json\" class=\"yoast-schema-graph\">{\"@context\":\"https:\\\/\\\/schema.org\",\"@graph\":[{\"@type\":\"WebPage\",\"@id\":\"https:\\\/\\\/delbenformaggi.it\\\/fr\\\/latteria-formaggi\\\/menu-produits-del-ben-formaggi\\\/bufflonne-menu\\\/mozzarella-la-furlane-daviano-au-lait-de-bufflonne\\\/\",\"url\":\"https:\\\/\\\/delbenformaggi.it\\\/fr\\\/latteria-formaggi\\\/menu-produits-del-ben-formaggi\\\/bufflonne-menu\\\/mozzarella-la-furlane-daviano-au-lait-de-bufflonne\\\/\",\"name\":\"Mozzarella \u00ab la Furlane \u00bb d\u2019Aviano au lait de bufflonne | e-shop Del Ben Formaggi\",\"isPartOf\":{\"@id\":\"https:\\\/\\\/delbenformaggi.it\\\/fr\\\/#website\"},\"primaryImageOfPage\":{\"@id\":\"https:\\\/\\\/delbenformaggi.it\\\/fr\\\/latteria-formaggi\\\/menu-produits-del-ben-formaggi\\\/bufflonne-menu\\\/mozzarella-la-furlane-daviano-au-lait-de-bufflonne\\\/#primaryimage\"},\"image\":{\"@id\":\"https:\\\/\\\/delbenformaggi.it\\\/fr\\\/latteria-formaggi\\\/menu-produits-del-ben-formaggi\\\/bufflonne-menu\\\/mozzarella-la-furlane-daviano-au-lait-de-bufflonne\\\/#primaryimage\"},\"thumbnailUrl\":\"https:\\\/\\\/delbenformaggi.it\\\/wp-content\\\/uploads\\\/2017\\\/08\\\/mozzarella-di-bufala-la-furlane-di-aviano-del-ben-formaggi.jpg\",\"datePublished\":\"2017-08-28T12:49:20+00:00\",\"dateModified\":\"2026-04-30T15:04:06+00:00\",\"description\":\"Scopri tutte le informazioni sul nostro Mozzarella \u00ab la Furlane \u00bb d\u2019Aviano au lait de bufflonne | e-shop Del Ben Formaggi\",\"breadcrumb\":{\"@id\":\"https:\\\/\\\/delbenformaggi.it\\\/fr\\\/latteria-formaggi\\\/menu-produits-del-ben-formaggi\\\/bufflonne-menu\\\/mozzarella-la-furlane-daviano-au-lait-de-bufflonne\\\/#breadcrumb\"},\"inLanguage\":\"fr-FR\",\"potentialAction\":[{\"@type\":\"ReadAction\",\"target\":[\"https:\\\/\\\/delbenformaggi.it\\\/fr\\\/latteria-formaggi\\\/menu-produits-del-ben-formaggi\\\/bufflonne-menu\\\/mozzarella-la-furlane-daviano-au-lait-de-bufflonne\\\/\"]}]},{\"@type\":\"ImageObject\",\"inLanguage\":\"fr-FR\",\"@id\":\"https:\\\/\\\/delbenformaggi.it\\\/fr\\\/latteria-formaggi\\\/menu-produits-del-ben-formaggi\\\/bufflonne-menu\\\/mozzarella-la-furlane-daviano-au-lait-de-bufflonne\\\/#primaryimage\",\"url\":\"https:\\\/\\\/delbenformaggi.it\\\/wp-content\\\/uploads\\\/2017\\\/08\\\/mozzarella-di-bufala-la-furlane-di-aviano-del-ben-formaggi.jpg\",\"contentUrl\":\"https:\\\/\\\/delbenformaggi.it\\\/wp-content\\\/uploads\\\/2017\\\/08\\\/mozzarella-di-bufala-la-furlane-di-aviano-del-ben-formaggi.jpg\",\"width\":1600,\"height\":1067,\"caption\":\"Une mozzarella 100 % pur lait de bufflonne \u00e0 circuit court pour garantir un produit local toujours tr\u00e8s frais. Elle se caract\u00e9rise par un parfum de lait unique, mais acquiert de nouvelles nuances apr\u00e8s quelques jours, tout en conservant sa d\u00e9licatesse.\"},{\"@type\":\"BreadcrumbList\",\"@id\":\"https:\\\/\\\/delbenformaggi.it\\\/fr\\\/latteria-formaggi\\\/menu-produits-del-ben-formaggi\\\/bufflonne-menu\\\/mozzarella-la-furlane-daviano-au-lait-de-bufflonne\\\/#breadcrumb\",\"itemListElement\":[{\"@type\":\"ListItem\",\"position\":1,\"name\":\"Home\",\"item\":\"https:\\\/\\\/delbenformaggi.it\\\/fr\\\/\"},{\"@type\":\"ListItem\",\"position\":2,\"name\":\"Boutique\",\"item\":\"https:\\\/\\\/delbenformaggi.it\\\/fr\\\/boutique\\\/\"},{\"@type\":\"ListItem\",\"position\":3,\"name\":\"Mozzarella \u00ab la Furlane \u00bb d\u2019Aviano au lait de bufflonne\"}]},{\"@type\":\"WebSite\",\"@id\":\"https:\\\/\\\/delbenformaggi.it\\\/fr\\\/#website\",\"url\":\"https:\\\/\\\/delbenformaggi.it\\\/fr\\\/\",\"name\":\"e-shop Del Ben Formaggi\",\"description\":\"\",\"publisher\":{\"@id\":\"https:\\\/\\\/delbenformaggi.it\\\/fr\\\/#organization\"},\"potentialAction\":[{\"@type\":\"SearchAction\",\"target\":{\"@type\":\"EntryPoint\",\"urlTemplate\":\"https:\\\/\\\/delbenformaggi.it\\\/fr\\\/?s={search_term_string}\"},\"query-input\":{\"@type\":\"PropertyValueSpecification\",\"valueRequired\":true,\"valueName\":\"search_term_string\"}}],\"inLanguage\":\"fr-FR\"},{\"@type\":\"Organization\",\"@id\":\"https:\\\/\\\/delbenformaggi.it\\\/fr\\\/#organization\",\"name\":\"Del Ben Formaggi\",\"url\":\"https:\\\/\\\/delbenformaggi.it\\\/fr\\\/\",\"logo\":{\"@type\":\"ImageObject\",\"inLanguage\":\"fr-FR\",\"@id\":\"https:\\\/\\\/delbenformaggi.it\\\/fr\\\/#\\\/schema\\\/logo\\\/image\\\/\",\"url\":\"https:\\\/\\\/delbenformaggi.it\\\/wp-content\\\/uploads\\\/2015\\\/12\\\/logo-del-ben-per-insegna.png\",\"contentUrl\":\"https:\\\/\\\/delbenformaggi.it\\\/wp-content\\\/uploads\\\/2015\\\/12\\\/logo-del-ben-per-insegna.png\",\"width\":236,\"height\":135,\"caption\":\"Del Ben Formaggi\"},\"image\":{\"@id\":\"https:\\\/\\\/delbenformaggi.it\\\/fr\\\/#\\\/schema\\\/logo\\\/image\\\/\"}}]}<\/script>\n<!-- \/ Yoast SEO plugin. -->","yoast_head_json":{"title":"Mozzarella \u00ab la Furlane \u00bb d\u2019Aviano au lait de bufflonne | e-shop Del Ben Formaggi","description":"Scopri tutte le informazioni sul nostro Mozzarella \u00ab la Furlane \u00bb d\u2019Aviano au lait de bufflonne | e-shop Del Ben Formaggi","robots":{"index":"index","follow":"follow","max-snippet":"max-snippet:-1","max-image-preview":"max-image-preview:large","max-video-preview":"max-video-preview:-1"},"canonical":"https:\/\/delbenformaggi.it\/fr\/latteria-formaggi\/menu-produits-del-ben-formaggi\/bufflonne-menu\/mozzarella-la-furlane-daviano-au-lait-de-bufflonne\/","og_locale":"fr_FR","og_type":"article","og_title":"Mozzarella \u00ab la Furlane \u00bb d\u2019Aviano au lait de bufflonne | e-shop Del Ben Formaggi","og_description":"Scopri tutte le informazioni sul nostro Mozzarella \u00ab la Furlane \u00bb d\u2019Aviano au lait de bufflonne | e-shop Del Ben Formaggi","og_url":"https:\/\/delbenformaggi.it\/fr\/latteria-formaggi\/menu-produits-del-ben-formaggi\/bufflonne-menu\/mozzarella-la-furlane-daviano-au-lait-de-bufflonne\/","og_site_name":"e-shop Del Ben Formaggi","article_modified_time":"2026-04-30T15:04:06+00:00","og_image":[{"width":1600,"height":1067,"url":"https:\/\/delbenformaggi.it\/wp-content\/uploads\/2017\/08\/mozzarella-di-bufala-la-furlane-di-aviano-del-ben-formaggi.jpg","type":"image\/jpeg"}],"twitter_card":"summary_large_image","twitter_misc":{"Dur\u00e9e de lecture estim\u00e9e":"1 minute"},"schema":{"@context":"https:\/\/schema.org","@graph":[{"@type":"WebPage","@id":"https:\/\/delbenformaggi.it\/fr\/latteria-formaggi\/menu-produits-del-ben-formaggi\/bufflonne-menu\/mozzarella-la-furlane-daviano-au-lait-de-bufflonne\/","url":"https:\/\/delbenformaggi.it\/fr\/latteria-formaggi\/menu-produits-del-ben-formaggi\/bufflonne-menu\/mozzarella-la-furlane-daviano-au-lait-de-bufflonne\/","name":"Mozzarella \u00ab la Furlane \u00bb d\u2019Aviano au lait de bufflonne | e-shop Del Ben Formaggi","isPartOf":{"@id":"https:\/\/delbenformaggi.it\/fr\/#website"},"primaryImageOfPage":{"@id":"https:\/\/delbenformaggi.it\/fr\/latteria-formaggi\/menu-produits-del-ben-formaggi\/bufflonne-menu\/mozzarella-la-furlane-daviano-au-lait-de-bufflonne\/#primaryimage"},"image":{"@id":"https:\/\/delbenformaggi.it\/fr\/latteria-formaggi\/menu-produits-del-ben-formaggi\/bufflonne-menu\/mozzarella-la-furlane-daviano-au-lait-de-bufflonne\/#primaryimage"},"thumbnailUrl":"https:\/\/delbenformaggi.it\/wp-content\/uploads\/2017\/08\/mozzarella-di-bufala-la-furlane-di-aviano-del-ben-formaggi.jpg","datePublished":"2017-08-28T12:49:20+00:00","dateModified":"2026-04-30T15:04:06+00:00","description":"Scopri tutte le informazioni sul nostro Mozzarella \u00ab la Furlane \u00bb d\u2019Aviano au lait de bufflonne | e-shop Del Ben Formaggi","breadcrumb":{"@id":"https:\/\/delbenformaggi.it\/fr\/latteria-formaggi\/menu-produits-del-ben-formaggi\/bufflonne-menu\/mozzarella-la-furlane-daviano-au-lait-de-bufflonne\/#breadcrumb"},"inLanguage":"fr-FR","potentialAction":[{"@type":"ReadAction","target":["https:\/\/delbenformaggi.it\/fr\/latteria-formaggi\/menu-produits-del-ben-formaggi\/bufflonne-menu\/mozzarella-la-furlane-daviano-au-lait-de-bufflonne\/"]}]},{"@type":"ImageObject","inLanguage":"fr-FR","@id":"https:\/\/delbenformaggi.it\/fr\/latteria-formaggi\/menu-produits-del-ben-formaggi\/bufflonne-menu\/mozzarella-la-furlane-daviano-au-lait-de-bufflonne\/#primaryimage","url":"https:\/\/delbenformaggi.it\/wp-content\/uploads\/2017\/08\/mozzarella-di-bufala-la-furlane-di-aviano-del-ben-formaggi.jpg","contentUrl":"https:\/\/delbenformaggi.it\/wp-content\/uploads\/2017\/08\/mozzarella-di-bufala-la-furlane-di-aviano-del-ben-formaggi.jpg","width":1600,"height":1067,"caption":"Une mozzarella 100 % pur lait de bufflonne \u00e0 circuit court pour garantir un produit local toujours tr\u00e8s frais. Elle se caract\u00e9rise par un parfum de lait unique, mais acquiert de nouvelles nuances apr\u00e8s quelques jours, tout en conservant sa d\u00e9licatesse."},{"@type":"BreadcrumbList","@id":"https:\/\/delbenformaggi.it\/fr\/latteria-formaggi\/menu-produits-del-ben-formaggi\/bufflonne-menu\/mozzarella-la-furlane-daviano-au-lait-de-bufflonne\/#breadcrumb","itemListElement":[{"@type":"ListItem","position":1,"name":"Home","item":"https:\/\/delbenformaggi.it\/fr\/"},{"@type":"ListItem","position":2,"name":"Boutique","item":"https:\/\/delbenformaggi.it\/fr\/boutique\/"},{"@type":"ListItem","position":3,"name":"Mozzarella \u00ab la Furlane \u00bb d\u2019Aviano au lait de bufflonne"}]},{"@type":"WebSite","@id":"https:\/\/delbenformaggi.it\/fr\/#website","url":"https:\/\/delbenformaggi.it\/fr\/","name":"e-shop Del Ben Formaggi","description":"","publisher":{"@id":"https:\/\/delbenformaggi.it\/fr\/#organization"},"potentialAction":[{"@type":"SearchAction","target":{"@type":"EntryPoint","urlTemplate":"https:\/\/delbenformaggi.it\/fr\/?s={search_term_string}"},"query-input":{"@type":"PropertyValueSpecification","valueRequired":true,"valueName":"search_term_string"}}],"inLanguage":"fr-FR"},{"@type":"Organization","@id":"https:\/\/delbenformaggi.it\/fr\/#organization","name":"Del Ben Formaggi","url":"https:\/\/delbenformaggi.it\/fr\/","logo":{"@type":"ImageObject","inLanguage":"fr-FR","@id":"https:\/\/delbenformaggi.it\/fr\/#\/schema\/logo\/image\/","url":"https:\/\/delbenformaggi.it\/wp-content\/uploads\/2015\/12\/logo-del-ben-per-insegna.png","contentUrl":"https:\/\/delbenformaggi.it\/wp-content\/uploads\/2015\/12\/logo-del-ben-per-insegna.png","width":236,"height":135,"caption":"Del Ben Formaggi"},"image":{"@id":"https:\/\/delbenformaggi.it\/fr\/#\/schema\/logo\/image\/"}}]}},"_links":{"self":[{"href":"https:\/\/delbenformaggi.it\/fr\/wp-json\/wp\/v2\/product\/7818","targetHints":{"allow":["GET"]}}],"collection":[{"href":"https:\/\/delbenformaggi.it\/fr\/wp-json\/wp\/v2\/product"}],"about":[{"href":"https:\/\/delbenformaggi.it\/fr\/wp-json\/wp\/v2\/types\/product"}],"wp:featuredmedia":[{"embeddable":true,"href":"https:\/\/delbenformaggi.it\/fr\/wp-json\/wp\/v2\/media\/4236"}],"wp:attachment":[{"href":"https:\/\/delbenformaggi.it\/fr\/wp-json\/wp\/v2\/media?parent=7818"}],"wp:term":[{"taxonomy":"product_brand","embeddable":true,"href":"https:\/\/delbenformaggi.it\/fr\/wp-json\/wp\/v2\/product_brand?post=7818"},{"taxonomy":"product_cat","embeddable":true,"href":"https:\/\/delbenformaggi.it\/fr\/wp-json\/wp\/v2\/product_cat?post=7818"},{"taxonomy":"product_tag","embeddable":true,"href":"https:\/\/delbenformaggi.it\/fr\/wp-json\/wp\/v2\/product_tag?post=7818"}],"curies":[{"name":"wp","href":"https:\/\/api.w.org\/{rel}","templated":true}]}}